{"id":6,"date":"2018-07-17T14:13:43","date_gmt":"2018-07-17T14:13:43","guid":{"rendered":"http:\/\/ferienhaus-hock.de\/?page_id=6"},"modified":"2018-07-30T14:33:57","modified_gmt":"2018-07-30T14:33:57","slug":"home","status":"publish","type":"page","link":"https:\/\/ferienhaus-hock.de\/","title":{"rendered":"Home"},"content":{"rendered":"<p>[et_pb_section bb_built=&#8220;1&#8243; fullwidth=&#8220;on&#8220; _builder_version=&#8220;3.10.1&#8243; box_shadow_style=&#8220;preset6&#8243; custom_padding=&#8220;0px|0px|0|0px|false|false&#8220; next_background_color=&#8220;#000000&#8243;][et_pb_fullwidth_slider _builder_version=&#8220;3.10.1&#8243; background_image=&#8220;http:\/\/ferienhaus-hock.de\/wp-content\/uploads\/2018\/07\/P7183974.jpg&#8220; text_orientation=&#8220;left&#8220; body_text_align=&#8220;left&#8220; header_text_align=&#8220;left&#8220;][et_pb_slide heading=&#8220;Urlaub im Leiningerland&#8220; button_link=&#8220;http:\/\/ferienhaus-hock.de\/?page_id=80&#8243; use_bg_overlay=&#8220;off&#8220; use_text_overlay=&#8220;off&#8220; _builder_version=&#8220;3.10.1&#8243; header_font=&#8220;||||||||&#8220; header_font_size=&#8220;54px&#8220; header_font_size_tablet=&#8220;54px&#8220; header_font_size_phone=&#8220;54px&#8220; header_text_shadow_style=&#8220;preset5&#8243; header_text_shadow_horizontal_length=&#8220;0.02em&#8220; header_text_shadow_vertical_length=&#8220;0.04em&#8220; body_font=&#8220;|700|||||||&#8220; body_text_shadow_style=&#8220;preset5&#8243; background_color=&#8220;#c6edff&#8220; background_image=&#8220;http:\/\/ferienhaus-hock.de\/wp-content\/uploads\/2018\/07\/P7183974.jpg&#8220; custom_button=&#8220;on&#8220; button_text_color=&#8220;#157f2e&#8220; button_bg_color=&#8220;rgba(255,255,255,0.67)&#8220; button_use_icon=&#8220;on&#8220; button_on_hover=&#8220;on&#8220; child_filter_brightness=&#8220;95{456968402255411da0d7dd1b67404e43694655de2cdd52600ff18ccdeb74c278}&#8220;]<\/p>\n<p><span style=\"color: #ffffff;\">Herzlich willkommen im Leiningerland.<\/span> <span style=\"color: #ffffff;\"> Zwischen Pf\u00e4lzerwald und der deutschen Weinstra\u00dfe, liegt auf sanften H\u00fcgeln, umgeben von<\/span> <span style=\"color: #ffffff;\"> Feldern und Wiesen, unser kleiner Ort \u2013 Tiefenthal.<\/span><\/p>\n<p>[\/et_pb_slide][\/et_pb_fullwidth_slider][\/et_pb_section][et_pb_section bb_built=&#8220;1&#8243; _builder_version=&#8220;3.0.47&#8243; custom_padding=&#8220;30px|0px|29px|0px|false|false&#8220; prev_background_color=&#8220;#000000&#8243; next_background_color=&#8220;#e0c998&#8243;][et_pb_row _builder_version=&#8220;3.0.48&#8243; background_size=&#8220;initial&#8220; background_position=&#8220;top_left&#8220; background_repeat=&#8220;repeat&#8220;][et_pb_column type=&#8220;1_2&#8243;][et_pb_text _builder_version=&#8220;3.10.1&#8243;]<\/p>\n<h2>Die Lage<\/h2>\n<p>[\/et_pb_text][et_pb_text _builder_version=&#8220;3.10.1&#8243;]<\/p>\n<p>Genie\u00dfen Sie von der Terrasse unseres Ferienhauses den sch\u00f6nen Ausblick \u00fcber die schwungvolle Landschaft bis hin zum Donnersberg, der h\u00f6chsten Erhebung der Pfalz. Bei uns k\u00f6nnen sie sich in aller Ruhe erholen oder aktiv den Pf\u00e4lzerwald und die deutsche Weinstra\u00dfe erkunden. Tiefenthal liegt sehr verkehrsg\u00fcnstig, nur einige Kilometer von der A6 Mannheim \u2013 Saarbr\u00fccken (Ausfahrt Wattenheim) entfernt.<\/p>\n<p>[\/et_pb_text][\/et_pb_column][et_pb_column type=&#8220;1_2&#8243;][et_pb_image src=&#8220;http:\/\/ferienhaus-hock.de\/wp-content\/uploads\/2018\/07\/Lage.png&#8220; _builder_version=&#8220;3.10.1&#8243;]<\/p>\n<p>&nbsp;<\/p>\n<p>[\/et_pb_image][\/et_pb_column][\/et_pb_row][\/et_pb_section][et_pb_section bb_built=&#8220;1&#8243; _builder_version=&#8220;3.10.1&#8243; background_color=&#8220;#e0c998&#8243; custom_padding=&#8220;29px|0px|30px|0px|false|false&#8220; prev_background_color=&#8220;#ffffff&#8220; next_background_color=&#8220;#6fa54f&#8220;][et_pb_row _builder_version=&#8220;3.0.48&#8243; background_size=&#8220;initial&#8220; background_position=&#8220;top_left&#8220; background_repeat=&#8220;repeat&#8220;][et_pb_column type=&#8220;1_2&#8243;][et_pb_image src=&#8220;http:\/\/ferienhaus-hock.de\/wp-content\/uploads\/2018\/07\/Haus.png&#8220; _builder_version=&#8220;3.10.1&#8243;]<\/p>\n<p>&nbsp;<\/p>\n<p>[\/et_pb_image][\/et_pb_column][et_pb_column type=&#8220;1_2&#8243;][et_pb_text _builder_version=&#8220;3.10.1&#8243;]<\/p>\n<h2>Das Haus<\/h2>\n<p>[\/et_pb_text][et_pb_text _builder_version=&#8220;3.10.1&#8243;]<\/p>\n<p>Unser neu erbautes und modern ausgestattetes Ferienhaus liegt in sonniger Ortsrandlage. Die 60 m\u00b2 gro\u00dfe Wohnfl\u00e4che verf\u00fcgt \u00fcber eine komplett ausgestattete K\u00fcche und ist durch die offene Bauweise mit dem hellen Wohn\/Essraum verbunden. Mit seinen 2 Schlafzimmern, dem Bad mit Dusche\/WC und einem zus\u00e4tzlichen G\u00e4ste-WC bietet sie auf 2 Etagen bis zu 4 Personen ausreichend Platz. Zus\u00e4tzlich steht Ihnen eine Terrasse, eine Liegewiese und ein Stellplatz f\u00fcr Ihren Wagen zur Verf\u00fcgung.<\/p>\n<p>[\/et_pb_text][\/et_pb_column][\/et_pb_row][\/et_pb_section][et_pb_section bb_built=&#8220;1&#8243; _builder_version=&#8220;3.10.1&#8243; background_color=&#8220;#6fa54f&#8220; custom_padding=&#8220;29px|0px|30px|0px|false|false&#8220; prev_background_color=&#8220;#e0c998&#8243; next_background_color=&#8220;#e0c998&#8243;][et_pb_row _builder_version=&#8220;3.0.48&#8243; background_size=&#8220;initial&#8220; background_position=&#8220;top_left&#8220; background_repeat=&#8220;repeat&#8220;][et_pb_column type=&#8220;1_2&#8243;][et_pb_text _builder_version=&#8220;3.10.1&#8243; text_font=&#8220;||||||||&#8220; text_text_color=&#8220;#ffffff&#8220; header_font=&#8220;||||||||&#8220; header_text_color=&#8220;#ffffff&#8220; header_2_font=&#8220;||||||||&#8220; header_2_text_color=&#8220;#ffffff&#8220;]<\/p>\n<h2>Freizeit<\/h2>\n<p>[\/et_pb_text][et_pb_text _builder_version=&#8220;3.10.1&#8243; text_text_color=&#8220;#ffffff&#8220;]<\/p>\n<p>Wandern oder joggen Sie direkt vor der T\u00fcr los. F\u00fcr Nordic-Walker gibt es in der n\u00e4heren Umgebung ausgewiesene Touren. Radfahrer sollten \u00fcber etwas Kondition verf\u00fcgen und Golfspieler kommen auf dem nur 10 km entfernten Golfplatz auf ihre Kosten. Schwimmen Sie ein paar Bahnen oder entspannen Sie in gepflegten Saunalandschaften. Die sch\u00f6nen Frei- und Hallenb\u00e4der z.B. in Bad D\u00fcrkheim an den Salinen sind mit dem Auto in wenigen Minuten zu erreichen. Au\u00dferdem bieten sich Heidelberg, Kaiserslautern, Mannheim, Speyer und Worms als lohnende Ausflugsziele an. Oder fahren Sie in den nahegelegenen Freizeitpark &#8222;Holidaypark &#8211; Ha\u00dfloch&#8220; und ins &#8222;Technik Museum Sinsheim&#8220;. Entdecken Sie die Pfalz mit all ihrer Sch\u00f6nheit und all ihrem kulturellen Erbe.<\/p>\n<p>[\/et_pb_text][\/et_pb_column][et_pb_column type=&#8220;1_2&#8243;][et_pb_image src=&#8220;http:\/\/ferienhaus-hock.de\/wp-content\/uploads\/2018\/07\/Freizeit2.png&#8220; _builder_version=&#8220;3.10.1&#8243; module_alignment=&#8220;center&#8220;]<\/p>\n<p>&nbsp;<\/p>\n<p>[\/et_pb_image][\/et_pb_column][\/et_pb_row][\/et_pb_section][et_pb_section bb_built=&#8220;1&#8243; _builder_version=&#8220;3.10.1&#8243; background_color=&#8220;#e0c998&#8243; background_image=&#8220;http:\/\/ferienhaus-hock.de\/wp-content\/uploads\/2018\/07\/tiefenthal.jpg&#8220; custom_padding=&#8220;54px|0px|257px|0px|false|false&#8220; prev_background_color=&#8220;#6fa54f&#8220;][et_pb_row custom_padding=&#8220;0|0px|27px|0px|false|false&#8220; _builder_version=&#8220;3.0.48&#8243; background_size=&#8220;initial&#8220; background_position=&#8220;top_left&#8220; background_repeat=&#8220;repeat&#8220;][et_pb_column type=&#8220;1_3&#8243;][et_pb_image src=&#8220;http:\/\/ferienhaus-hock.de\/wp-content\/uploads\/2018\/07\/Freizeit3.png&#8220; _builder_version=&#8220;3.10.1&#8243;]<\/p>\n<p>&nbsp;<\/p>\n<p>[\/et_pb_image][\/et_pb_column][et_pb_column type=&#8220;1_3&#8243;][et_pb_image src=&#8220;http:\/\/ferienhaus-hock.de\/wp-content\/uploads\/2018\/07\/Freizeit4.png&#8220; _builder_version=&#8220;3.10.1&#8243; max_width=&#8220;73{456968402255411da0d7dd1b67404e43694655de2cdd52600ff18ccdeb74c278}&#8220; module_alignment=&#8220;center&#8220;]<\/p>\n<p>&nbsp;<\/p>\n<p>[\/et_pb_image][\/et_pb_column][et_pb_column type=&#8220;1_3&#8243;][et_pb_image src=&#8220;http:\/\/ferienhaus-hock.de\/wp-content\/uploads\/2018\/07\/Freizeit5.png&#8220; _builder_version=&#8220;3.10.1&#8243;]<\/p>\n<p>&nbsp;<\/p>\n<p>[\/et_pb_image][\/et_pb_column][\/et_pb_row][\/et_pb_section]<\/p>\n","protected":false},"excerpt":{"rendered":"<p>Herzlich willkommen im Leiningerland. Zwischen Pf\u00e4lzerwald und der deutschen Weinstra\u00dfe, liegt auf sanften H\u00fcgeln, umgeben von Feldern und Wiesen, unser kleiner Ort \u2013 Tiefenthal. Die Lage Genie\u00dfen Sie von der Terrasse unseres Ferienhauses den sch\u00f6nen Ausblick \u00fcber die schwungvolle Landschaft bis hin zum Donnersberg, der h\u00f6chsten Erhebung der Pfalz. Bei uns k\u00f6nnen sie sich in [&hellip;]<\/p>\n","protected":false},"author":1,"featured_media":0,"parent":0,"menu_order":0,"comment_status":"closed","ping_status":"closed","template":"","meta":{"_et_pb_use_builder":"on","_et_pb_old_content":"","_et_gb_content_width":""},"_links":{"self":[{"href":"https:\/\/ferienhaus-hock.de\/index.php?rest_route=\/wp\/v2\/pages\/6"}],"collection":[{"href":"https:\/\/ferienhaus-hock.de\/index.php?rest_route=\/wp\/v2\/pages"}],"about":[{"href":"https:\/\/ferienhaus-hock.de\/index.php?rest_route=\/wp\/v2\/types\/page"}],"author":[{"embeddable":true,"href":"https:\/\/ferienhaus-hock.de\/index.php?rest_route=\/wp\/v2\/users\/1"}],"replies":[{"embeddable":true,"href":"https:\/\/ferienhaus-hock.de\/index.php?rest_route=%2Fwp%2Fv2%2Fcomments&post=6"}],"version-history":[{"count":42,"href":"https:\/\/ferienhaus-hock.de\/index.php?rest_route=\/wp\/v2\/pages\/6\/revisions"}],"predecessor-version":[{"id":197,"href":"https:\/\/ferienhaus-hock.de\/index.php?rest_route=\/wp\/v2\/pages\/6\/revisions\/197"}],"wp:attachment":[{"href":"https:\/\/ferienhaus-hock.de\/index.php?rest_route=%2Fwp%2Fv2%2Fmedia&parent=6"}],"curies":[{"name":"wp","href":"https:\/\/api.w.org\/{rel}","templated":true}]}}