{"id":80,"date":"2018-07-18T08:19:29","date_gmt":"2018-07-18T08:19:29","guid":{"rendered":"http:\/\/ferienhaus-hock.de\/?page_id=80"},"modified":"2018-07-24T16:00:28","modified_gmt":"2018-07-24T16:00:28","slug":"preise","status":"publish","type":"page","link":"https:\/\/ferienhaus-hock.de\/?page_id=80","title":{"rendered":"Preise"},"content":{"rendered":"<p>[et_pb_section fb_built=&#8220;1&#8243; fullwidth=&#8220;on&#8220; _builder_version=&#8220;3.10.1&#8243; custom_padding=&#8220;0px|0px|0|0px|false|false&#8220;][et_pb_fullwidth_slider _builder_version=&#8220;3.10.1&#8243; background_image=&#8220;http:\/\/ferienhaus-hock.de\/wp-content\/uploads\/2018\/07\/P7183974.jpg&#8220;][et_pb_slide heading=&#8220;Unsere Preise&#8220; use_bg_overlay=&#8220;off&#8220; use_text_overlay=&#8220;off&#8220; _builder_version=&#8220;3.10.1&#8243; header_font_size=&#8220;54px&#8220; header_font_size_tablet=&#8220;54px&#8220; header_font_size_phone=&#8220;54px&#8220; header_text_shadow_style=&#8220;preset5&#8243; header_text_shadow_horizontal_length=&#8220;0.02em&#8220; header_text_shadow_vertical_length=&#8220;0.04em&#8220; body_font=&#8220;|700|||||||&#8220; body_text_shadow_style=&#8220;preset5&#8243; background_color=&#8220;#c6edff&#8220; background_image=&#8220;http:\/\/ferienhaus-hock.de\/wp-content\/uploads\/2018\/07\/P7183974.jpg&#8220; custom_button=&#8220;on&#8220; button_text_color=&#8220;#157f2e&#8220; button_bg_color=&#8220;rgba(255,255,255,0.67)&#8220; button_use_icon=&#8220;on&#8220; button_on_hover=&#8220;on&#8220; child_filter_brightness=&#8220;95{456968402255411da0d7dd1b67404e43694655de2cdd52600ff18ccdeb74c278}&#8220;][\/et_pb_slide][\/et_pb_fullwidth_slider][\/et_pb_section][et_pb_section fb_built=&#8220;1&#8243; _builder_version=&#8220;3.0.47&#8243; custom_padding=&#8220;30px|0px|29px|0px|false|false&#8220;][et_pb_row _builder_version=&#8220;3.0.48&#8243; background_size=&#8220;initial&#8220; background_position=&#8220;top_left&#8220; background_repeat=&#8220;repeat&#8220;][et_pb_column type=&#8220;1_2&#8243; _builder_version=&#8220;3.0.47&#8243; parallax=&#8220;off&#8220; parallax_method=&#8220;on&#8220;][et_pb_text _builder_version=&#8220;3.10.1&#8243;]<\/p>\n<h2>Ausstattung<\/h2>\n<p>[\/et_pb_text][et_pb_text _builder_version=&#8220;3.10.1&#8243;]<\/p>\n<p class=\"Text\">Eine Ferienwohnung f\u00fcr 2-4 Personen, 60 m2, Neubau in sehr ruhiger Ortsrandlage, Wohnbereich mit Sat-LCD-TV, komplett ausgestattete K\u00fcche mit Sp\u00fclmaschine, Essecke, zwei Schlafzimmer, Zustellbett auf Wunsch, Bad mit Dusche \/ WC, zus\u00e4tzliches G\u00e4ste-WC, Radio, Telefon, seperater Eingang, Terrasse, Garten mit gro\u00dfer Liegewiese, Gartenm\u00f6bel, Parkplatz, Haustiere erlaubt.<\/p>\n<p class=\"Text\"><strong>Bettw\u00e4sche, Tischw\u00e4sche, Hand- und Geschirrt\u00fccher, Endreinigung und Nebenkosten inklusive.<\/strong><\/p>\n<p>[\/et_pb_text][\/et_pb_column][et_pb_column type=&#8220;1_2&#8243; _builder_version=&#8220;3.0.47&#8243; parallax=&#8220;off&#8220; parallax_method=&#8220;on&#8220;][et_pb_image src=&#8220;http:\/\/ferienhaus-hock.de\/wp-content\/uploads\/2018\/07\/Lage.png&#8220; _builder_version=&#8220;3.10.1&#8243;]&nbsp;<br \/>\n[\/et_pb_image][\/et_pb_column][\/et_pb_row][\/et_pb_section][et_pb_section fb_built=&#8220;1&#8243; _builder_version=&#8220;3.10.1&#8243; background_color=&#8220;#e0c998&#8243; custom_padding=&#8220;29px|0px|30px|0px|false|false&#8220;][et_pb_row custom_padding=&#8220;27px|0px|0|0px|false|false&#8220; _builder_version=&#8220;3.0.48&#8243; background_size=&#8220;initial&#8220; background_position=&#8220;top_left&#8220; background_repeat=&#8220;repeat&#8220;][et_pb_column type=&#8220;1_3&#8243; _builder_version=&#8220;3.0.47&#8243; parallax=&#8220;off&#8220; parallax_method=&#8220;on&#8220;][et_pb_text _builder_version=&#8220;3.10.1&#8243;]<\/p>\n<h2>Preise<\/h2>\n<p>[\/et_pb_text][\/et_pb_column][et_pb_column type=&#8220;1_3&#8243; _builder_version=&#8220;3.0.47&#8243; parallax=&#8220;off&#8220; parallax_method=&#8220;on&#8220;][\/et_pb_column][et_pb_column type=&#8220;1_3&#8243; _builder_version=&#8220;3.0.47&#8243; parallax=&#8220;off&#8220; parallax_method=&#8220;on&#8220;][\/et_pb_column][\/et_pb_row][et_pb_row custom_padding=&#8220;19px|0px|27px|0px|false|false&#8220; _builder_version=&#8220;3.0.48&#8243; background_size=&#8220;initial&#8220; background_position=&#8220;top_left&#8220; background_repeat=&#8220;repeat&#8220;][et_pb_column type=&#8220;1_2&#8243; _builder_version=&#8220;3.0.47&#8243; parallax=&#8220;off&#8220; parallax_method=&#8220;on&#8220;][et_pb_text _builder_version=&#8220;3.10.1&#8243;]<strong>Preis f\u00fcr 2 Personen<\/strong> <em>(1 &#8211; 3 \u00dcbernachtungen)<\/em><br \/>\n55 \u20ac \/ Tag, jede weitere Person 10 \u20ac \/ Tag.<br \/>\n<strong><br \/>\nPreis f\u00fcr 2 Personen<\/strong> <em>(ab 4 \u00dcbernachtungen)<\/em><br \/>\n45 \u20ac \/ Tag, jede weitere Person 10 \u20ac \/ Tag.<\/p>\n<p>Kinder bis 3 Jahre \u00fcbernachten kostenlos.<\/p>\n<p>Kinder von 4-12 Jahre 6 \u20ac \/ Tag.<\/p>\n<p><strong>Pauschalangebote m\u00f6glich.<\/strong><br \/>\n[\/et_pb_text][et_pb_button button_url=&#8220;mailto:info@ferienhaus-hock.de&#8220; url_new_window=&#8220;on&#8220; button_text=&#8220;Per Email Buchung anfragen&#8220; _builder_version=&#8220;3.10.1&#8243; box_shadow_style=&#8220;preset1&#8243;][\/et_pb_button][\/et_pb_column][et_pb_column type=&#8220;1_2&#8243; _builder_version=&#8220;3.0.47&#8243; parallax=&#8220;off&#8220; parallax_method=&#8220;on&#8220;][et_pb_image src=&#8220;http:\/\/ferienhaus-hock.de\/wp-content\/uploads\/2018\/07\/Ausstattung-3.png&#8220; _builder_version=&#8220;3.10.1&#8243; max_width=&#8220;40{456968402255411da0d7dd1b67404e43694655de2cdd52600ff18ccdeb74c278}&#8220; module_alignment=&#8220;center&#8220;]&nbsp;<br \/>\n[\/et_pb_image][\/et_pb_column][\/et_pb_row][\/et_pb_section][et_pb_section fb_built=&#8220;1&#8243; _builder_version=&#8220;3.10.1&#8243; background_color=&#8220;#e0c998&#8243; background_image=&#8220;http:\/\/ferienhaus-hock.de\/wp-content\/uploads\/2018\/07\/tiefenthal.jpg&#8220; custom_padding=&#8220;54px|0px|257px|0px|false|false&#8220;][et_pb_row custom_padding=&#8220;0|0px|27px|0px|false|false&#8220; _builder_version=&#8220;3.0.48&#8243; background_size=&#8220;initial&#8220; background_position=&#8220;top_left&#8220; background_repeat=&#8220;repeat&#8220;][et_pb_column type=&#8220;1_2&#8243; _builder_version=&#8220;3.0.47&#8243; parallax=&#8220;off&#8220; parallax_method=&#8220;on&#8220;][et_pb_image src=&#8220;http:\/\/ferienhaus-hock.de\/wp-content\/uploads\/2018\/07\/Ausstattung-1.png&#8220; _builder_version=&#8220;3.10.1&#8243;]&nbsp;<br \/>\n[\/et_pb_image][\/et_pb_column][et_pb_column type=&#8220;1_2&#8243; _builder_version=&#8220;3.0.47&#8243; parallax=&#8220;off&#8220; parallax_method=&#8220;on&#8220;][et_pb_image src=&#8220;http:\/\/ferienhaus-hock.de\/wp-content\/uploads\/2018\/07\/Ausstattung-2.png&#8220; align=&#8220;right&#8220; _builder_version=&#8220;3.10.1&#8243; max_width=&#8220;73{456968402255411da0d7dd1b67404e43694655de2cdd52600ff18ccdeb74c278}&#8220; module_alignment=&#8220;center&#8220;]&nbsp;<br \/>\n[\/et_pb_image][\/et_pb_column][\/et_pb_row][\/et_pb_section]<\/p>\n","protected":false},"excerpt":{"rendered":"<p>Ausstattung Eine Ferienwohnung f\u00fcr 2-4 Personen, 60 m2, Neubau in sehr ruhiger Ortsrandlage, Wohnbereich mit Sat-LCD-TV, komplett ausgestattete K\u00fcche mit Sp\u00fclmaschine, Essecke, zwei Schlafzimmer, Zustellbett auf Wunsch, Bad mit Dusche \/ WC, zus\u00e4tzliches G\u00e4ste-WC, Radio, Telefon, seperater Eingang, Terrasse, Garten mit gro\u00dfer Liegewiese, Gartenm\u00f6bel, Parkplatz, Haustiere erlaubt. Bettw\u00e4sche, Tischw\u00e4sche, Hand- und Geschirrt\u00fccher, Endreinigung und Nebenkosten [&hellip;]<\/p>\n","protected":false},"author":1,"featured_media":0,"parent":0,"menu_order":0,"comment_status":"closed","ping_status":"closed","template":"","meta":{"_et_pb_use_builder":"on","_et_pb_old_content":"","_et_gb_content_width":""},"_links":{"self":[{"href":"https:\/\/ferienhaus-hock.de\/index.php?rest_route=\/wp\/v2\/pages\/80"}],"collection":[{"href":"https:\/\/ferienhaus-hock.de\/index.php?rest_route=\/wp\/v2\/pages"}],"about":[{"href":"https:\/\/ferienhaus-hock.de\/index.php?rest_route=\/wp\/v2\/types\/page"}],"author":[{"embeddable":true,"href":"https:\/\/ferienhaus-hock.de\/index.php?rest_route=\/wp\/v2\/users\/1"}],"replies":[{"embeddable":true,"href":"https:\/\/ferienhaus-hock.de\/index.php?rest_route=%2Fwp%2Fv2%2Fcomments&post=80"}],"version-history":[{"count":43,"href":"https:\/\/ferienhaus-hock.de\/index.php?rest_route=\/wp\/v2\/pages\/80\/revisions"}],"predecessor-version":[{"id":196,"href":"https:\/\/ferienhaus-hock.de\/index.php?rest_route=\/wp\/v2\/pages\/80\/revisions\/196"}],"wp:attachment":[{"href":"https:\/\/ferienhaus-hock.de\/index.php?rest_route=%2Fwp%2Fv2%2Fmedia&parent=80"}],"curies":[{"name":"wp","href":"https:\/\/api.w.org\/{rel}","templated":true}]}}